{"id":1524,"date":"2026-01-26T15:16:11","date_gmt":"2026-01-26T14:16:11","guid":{"rendered":"https:\/\/www.kitendo.de\/?post_type=product&#038;p=1524"},"modified":"2026-03-10T10:57:51","modified_gmt":"2026-03-10T09:57:51","slug":"hoheacht-lumo-terra-diamant-vulkanschiefer-l56","status":"publish","type":"product","link":"https:\/\/www.kitendo.de\/index.php\/product\/hoheacht-lumo-terra-diamant-vulkanschiefer-l56\/","title":{"rendered":"HOHEACHT &#8211; LUMO TERRA &#8211; DIAMANT &#8211; VULKANSCHIEFER- L56"},"content":{"rendered":"<div class=\"theme-block\">\n<div class=\"rte\">\n<h2>LUMO Terra \u2013 Erlebe das ultimative Trekking-Erlebnis<\/h2>\n<p>Das hochwertige Trekking-Bike LUMO Terra mit Diamant-Rahmen mit modernster Geometrie von HoheAcht bietet bei einem Gewicht von nur etwa 17,1 kg eine beeindruckende Ausstattung f\u00fcr anspruchsvolle Radfahrer. Der super leichte aber robuste Aluminium Intube Diamant Rahmen sorgt f\u00fcr Stabilit\u00e4t und Haltbarkeit. Die Starrgabel aus Aluminium und der Lenker bieten pr\u00e4zises Handling und Komfort auf jeder Strecke. Eine Shimano Deore 12-Gang Kettenschaltung erm\u00f6glicht ein geschmeidiges und pr\u00e4zises Schalten. Die hydraulischen Scheibenbremsen bieten zuverl\u00e4ssige und kontrollierte Bremsleistung in allen Situationen.<\/p>\n<p>Das Lumo Terra Diamant ist mit dem Mahle X35+ Hinterrad-Nabenmotor ausgestattet, der Dir eine Unterst\u00fctzung von bis zu 25 km\/h und 40 Nm Drehmoment bietet. Der integrierte 250 Wh Akku sorgt f\u00fcr eine beeindruckende Reichweite. Mit dem Massload Gep\u00e4cktr\u00e4ger, den hochwertigen Beleuchtungssystemen von Herrmans und Lezyne, dem robusten Schutzblech und dem praktischen Seitenst\u00e4nder ist das Lumo Terra Diamant bereit f\u00fcr lange Touren und den t\u00e4glichen Gebrauch.<\/p>\n<\/div>\n<\/div>\n<div class=\"theme-block\">\n<div class=\"rte\">\n<h2><strong>EINSATZGEBIET<\/strong><\/h2>\n<p>Pendeln | Touren | Adventure \u2013 dieses Lightweight E-Bike ist perfekt zum Pendeln oder bei entspannten Touren, auch mal ohne zugeschalteten Motor!<\/p>\n<\/div>\n<\/div>\n<div class=\"theme-block\">\n<div class=\"rte\">\n<h2><strong>MOTOR<\/strong><\/h2>\n<p><strong>Mahle, X35+, 25 km\/h, 40 Nm, Hinterradnabenmotor<\/strong><\/p>\n<p>Der leistungsstarke Mahle X35+ Hinterradnabenmotor mit 40 Nm Drehmoment unterst\u00fctzt dich bei deinen Abenteuern. Bei l\u00e4ngeren Touren sorgt der integrierte Mahle B1-E Akku f\u00fcr ausreichend Leistung. Die Reichweite deines Bikes kann durch einen optionalen Range-Extender beinahe verdoppelt werden. Ohne die Unterst\u00fctzung des Mahle Motors bewegst du das Fahrrad, wie jedes andere ohne Widerstand. Die Funktionen des Akkus, des Motors und der Steuereinheit machen das Mahle System zum leichtesten, intelligentesten und am besten integrierten System auf dem Markt.<\/p>\n<\/div>\n<\/div>\n<div class=\"theme-block\">\n<div class=\"rte\">\n<h2><strong>SCHALTWERK<\/strong><\/h2>\n<p><strong>Shimano, Deore, RD-M6100, 12-Gang Kettenschaltung<\/strong><\/p>\n<p>Das Shimano, Deore, RD-M6100 Schaltwerk verbessert das Schalten erheblich, indem es in den niedrigen G\u00e4ngen weniger Widerstand bietet. Dank der gr\u00f6\u00dferen 13Z-Umlenkrollen wird die Effizienz gesteigert und das Kettenmanagement optimiert. Zus\u00e4tzlich wird durch die Kompatibilit\u00e4t mit Shimanos 12-fach-Kassetten die verf\u00fcgbare Bandbreite deutlich erweitert.<\/p>\n<\/div>\n<\/div>\n","protected":false},"excerpt":{"rendered":"<p>LUMO Terra \u2013 Erlebe das ultimative Trekking-Erlebnis Das hochwertige Trekking-Bike LUMO Terra mit Diamant-Rahmen mit modernster Geometrie von HoheAcht bietet bei einem Gewicht von nur etwa 17,1 kg eine beeindruckende Ausstattung f\u00fcr anspruchsvolle Radfahrer. Der super leichte aber robuste Aluminium Intube Diamant Rahmen sorgt f\u00fcr Stabilit\u00e4t und Haltbarkeit. Die Starrgabel aus Aluminium und der Lenker [&hellip;]<\/p>\n","protected":false},"featured_media":1526,"comment_status":"open","ping_status":"closed","template":"","meta":[],"product_brand":[],"product_cat":[27],"product_tag":[34],"class_list":{"0":"post-1524","1":"product","2":"type-product","3":"status-publish","4":"has-post-thumbnail","6":"product_cat-ebikes","7":"product_tag-hoheacht","9":"first","10":"instock","11":"taxable","12":"shipping-taxable","13":"purchasable","14":"product-type-simple"},"jetpack_sharing_enabled":true,"_links":{"self":[{"href":"https:\/\/www.kitendo.de\/index.php\/wp-json\/wp\/v2\/product\/1524","targetHints":{"allow":["GET"]}}],"collection":[{"href":"https:\/\/www.kitendo.de\/index.php\/wp-json\/wp\/v2\/product"}],"about":[{"href":"https:\/\/www.kitendo.de\/index.php\/wp-json\/wp\/v2\/types\/product"}],"replies":[{"embeddable":true,"href":"https:\/\/www.kitendo.de\/index.php\/wp-json\/wp\/v2\/comments?post=1524"}],"version-history":[{"count":1,"href":"https:\/\/www.kitendo.de\/index.php\/wp-json\/wp\/v2\/product\/1524\/revisions"}],"predecessor-version":[{"id":1532,"href":"https:\/\/www.kitendo.de\/index.php\/wp-json\/wp\/v2\/product\/1524\/revisions\/1532"}],"wp:featuredmedia":[{"embeddable":true,"href":"https:\/\/www.kitendo.de\/index.php\/wp-json\/wp\/v2\/media\/1526"}],"wp:attachment":[{"href":"https:\/\/www.kitendo.de\/index.php\/wp-json\/wp\/v2\/media?parent=1524"}],"wp:term":[{"taxonomy":"product_brand","embeddable":true,"href":"https:\/\/www.kitendo.de\/index.php\/wp-json\/wp\/v2\/product_brand?post=1524"},{"taxonomy":"product_cat","embeddable":true,"href":"https:\/\/www.kitendo.de\/index.php\/wp-json\/wp\/v2\/product_cat?post=1524"},{"taxonomy":"product_tag","embeddable":true,"href":"https:\/\/www.kitendo.de\/index.php\/wp-json\/wp\/v2\/product_tag?post=1524"}],"curies":[{"name":"wp","href":"https:\/\/api.w.org\/{rel}","templated":true}]}}