{"id":1504,"date":"2026-01-22T17:18:15","date_gmt":"2026-01-22T16:18:15","guid":{"rendered":"https:\/\/www.kitendo.de\/?post_type=product&#038;p=1504"},"modified":"2026-01-22T17:18:15","modified_gmt":"2026-01-22T16:18:15","slug":"e-bike-cowboy-cruiser-schwarz-mit-gepaecktraeger","status":"publish","type":"product","link":"https:\/\/www.kitendo.de\/index.php\/product\/e-bike-cowboy-cruiser-schwarz-mit-gepaecktraeger\/","title":{"rendered":"E-bike Cowboy Cruiser &#8211; Schwarz &#8211; mit Gep\u00e4cktr\u00e4ger"},"content":{"rendered":"<div class=\"\">\n<h2 class=\"text-pretty last:mb-0 mb-5 xl:mb-10 text-h2\">Technische Daten<\/h2>\n<\/div>\n<table class=\"lg:w-2\/3 lg:ml-auto\">\n<tbody>\n<tr class=\"border-t\">\n<th class=\"text-left w-1\/2 lg:text-[18px] font-medium pt-7.5 max-lg:pr-2.5 align-top pb-7.5\">Farben<\/th>\n<td class=\"w-1\/2 pt-7.5 align-top pb-7.5\">\n<div class=\"flex lg:gap-2.5 max-lg:flex-col\">\n<div class=\"flex items-center gap-1.5\">\n<div class=\"w-4 h-4 rounded-full bg-bike-black\"><\/div>\n<div class=\"\">Schwarz<\/div>\n<\/div>\n<div class=\"flex items-center gap-1.5\">\n<div class=\"w-4 h-4 rounded-full bg-bike-sand\"><\/div>\n<\/div>\n<\/div>\n<\/td>\n<\/tr>\n<tr class=\"border-t\">\n<th class=\"text-left w-1\/2 lg:text-[18px] font-medium pt-7.5 max-lg:pr-2.5 align-top pb-7.5\">Fahrergr\u00f6\u00dfe<\/th>\n<td class=\"w-1\/2 pt-7.5 align-top pb-7.5\">Geeignet f\u00fcr Fahrer von 170\u2013195 cm<\/td>\n<\/tr>\n<tr class=\"border-t\">\n<th class=\"text-left w-1\/2 lg:text-[18px] font-medium pt-7.5 max-lg:pr-2.5 align-top pb-7.5\">Akku<\/th>\n<td class=\"w-1\/2 pt-7.5 align-top pb-7.5\">2,4 kg Gewicht, Herausnehmbare Lithium-Ionen Akku<\/td>\n<\/tr>\n<tr class=\"border-t\">\n<th class=\"text-left w-1\/2 lg:text-[18px] font-medium pt-7.5 max-lg:pr-2.5 align-top pb-7.5\">Batteriereichweite<\/th>\n<td class=\"w-1\/2 pt-7.5 align-top pb-7.5\">40-90\u00a0km<\/td>\n<\/tr>\n<tr class=\"border-t\">\n<th class=\"text-left w-1\/2 lg:text-[18px] font-medium pt-7.5 max-lg:pr-2.5 align-top pb-7.5\">Ladezeit<\/th>\n<td class=\"w-1\/2 pt-7.5 align-top pb-7.5\">100% aufgeladen in 2 Stunden und 54 Minuten<\/td>\n<\/tr>\n<tr class=\"border-t\">\n<th class=\"text-left w-1\/2 lg:text-[18px] font-medium pt-7.5 max-lg:pr-2.5 align-top pb-7.5\">Gewicht<\/th>\n<td class=\"w-1\/2 pt-7.5 align-top pb-7.5\">19,3\u00a0kg &#8211; einschlie\u00dflich Batterie<\/td>\n<\/tr>\n<tr class=\"border-t\">\n<th class=\"text-left w-1\/2 lg:text-[18px] font-medium pt-7.5 max-lg:pr-2.5 align-top pb-7.5\">Motor<\/th>\n<td class=\"w-1\/2 pt-7.5 align-top pb-7.5\">Speziell entwickelter Motor (45 Nm, 250 W), integriert im Hinterrad<\/td>\n<\/tr>\n<tr class=\"border-t\">\n<th class=\"text-left w-1\/2 lg:text-[18px] font-medium pt-7.5 max-lg:pr-2.5 align-top\">Sicherheit<\/th>\n<td class=\"w-1\/2 pt-7.5 align-top pb-7.5\">&#8211; Integrierter GPS-Tracker<br \/>\n&#8211; Digitaler Schl\u00fcssel<br \/>\n&#8211; Theft Alerts<br \/>\n&#8211; Automatisches Entsperren<br \/>\n&#8211; Find My Bike<br \/>\n&#8211; Pr\u00e4diktive Warnungen<br \/>\n&#8211; Crash-Erkennung<\/td>\n<\/tr>\n<\/tbody>\n<\/table>\n","protected":false},"excerpt":{"rendered":"<p>Technische Daten Farben Schwarz Fahrergr\u00f6\u00dfe Geeignet f\u00fcr Fahrer von 170\u2013195 cm Akku 2,4 kg Gewicht, Herausnehmbare Lithium-Ionen Akku Batteriereichweite 40-90\u00a0km Ladezeit 100% aufgeladen in 2 Stunden und 54 Minuten Gewicht 19,3\u00a0kg &#8211; einschlie\u00dflich Batterie Motor Speziell entwickelter Motor (45 Nm, 250 W), integriert im Hinterrad Sicherheit &#8211; Integrierter GPS-Tracker &#8211; Digitaler Schl\u00fcssel &#8211; Theft Alerts [&hellip;]<\/p>\n","protected":false},"featured_media":1508,"comment_status":"open","ping_status":"closed","template":"","meta":[],"product_brand":[],"product_cat":[27],"product_tag":[38],"class_list":{"0":"post-1504","1":"product","2":"type-product","3":"status-publish","4":"has-post-thumbnail","6":"product_cat-ebikes","7":"product_tag-cowboy","9":"first","10":"instock","11":"taxable","12":"shipping-taxable","13":"purchasable","14":"product-type-simple"},"jetpack_sharing_enabled":true,"_links":{"self":[{"href":"https:\/\/www.kitendo.de\/index.php\/wp-json\/wp\/v2\/product\/1504","targetHints":{"allow":["GET"]}}],"collection":[{"href":"https:\/\/www.kitendo.de\/index.php\/wp-json\/wp\/v2\/product"}],"about":[{"href":"https:\/\/www.kitendo.de\/index.php\/wp-json\/wp\/v2\/types\/product"}],"replies":[{"embeddable":true,"href":"https:\/\/www.kitendo.de\/index.php\/wp-json\/wp\/v2\/comments?post=1504"}],"version-history":[{"count":1,"href":"https:\/\/www.kitendo.de\/index.php\/wp-json\/wp\/v2\/product\/1504\/revisions"}],"predecessor-version":[{"id":1509,"href":"https:\/\/www.kitendo.de\/index.php\/wp-json\/wp\/v2\/product\/1504\/revisions\/1509"}],"wp:featuredmedia":[{"embeddable":true,"href":"https:\/\/www.kitendo.de\/index.php\/wp-json\/wp\/v2\/media\/1508"}],"wp:attachment":[{"href":"https:\/\/www.kitendo.de\/index.php\/wp-json\/wp\/v2\/media?parent=1504"}],"wp:term":[{"taxonomy":"product_brand","embeddable":true,"href":"https:\/\/www.kitendo.de\/index.php\/wp-json\/wp\/v2\/product_brand?post=1504"},{"taxonomy":"product_cat","embeddable":true,"href":"https:\/\/www.kitendo.de\/index.php\/wp-json\/wp\/v2\/product_cat?post=1504"},{"taxonomy":"product_tag","embeddable":true,"href":"https:\/\/www.kitendo.de\/index.php\/wp-json\/wp\/v2\/product_tag?post=1504"}],"curies":[{"name":"wp","href":"https:\/\/api.w.org\/{rel}","templated":true}]}}