{"id":1308,"date":"2024-08-04T16:10:27","date_gmt":"2024-08-04T14:10:27","guid":{"rendered":"https:\/\/www.kitendo.de\/?post_type=product&#038;p=1308"},"modified":"2024-12-04T20:51:57","modified_gmt":"2024-12-04T19:51:57","slug":"kitendo-bag-schnittmuster-gestell-und-regenschutz","status":"publish","type":"product","link":"https:\/\/www.kitendo.de\/index.php\/product\/kitendo-bag-schnittmuster-gestell-und-regenschutz\/","title":{"rendered":"Kitendo Bag &#8211; Schnittmuster"},"content":{"rendered":"<p>Schneider Deine ganz\u00a0individuelle\u00a0Brompton Tasche mit diesem Set! Zus\u00e4tzlich brauchst Du nur noch N\u00e4hmaschine, Garn und Deinen Lieblingsstoff.<\/p>\n<p>Diese Tasche ist funktional und doch\u00a0ohne Spezialkenntnisse zu n\u00e4hen.<\/p>\n<p>&nbsp;<\/p>\n<p><strong>Das Kitendo Bag Set\u00a0enth\u00e4lt:<\/strong><\/p>\n<p>&#8211; DIN A0 Schnittmuster in Originalgr\u00f6\u00dfe<\/p>\n<p>&#8211; N\u00e4hanleitung<\/p>\n<h2><strong>N\u00e4hanleitung<\/strong><\/h2>\n<p><strong>Fester Au\u00dfenstoff\u00a0 (1,10 m x 1,40 m breit):<br \/>\n<\/strong>Fester Baumwollcanvas, Jeans oder fester Leinenstoff oder fest gewebter Deko oder M\u00f6belstoff<\/p>\n<p><strong>Futterstoff (1,10 m x 1,40 m breit):<\/strong><br \/>\nF\u00fcrs Innenfutter eignet sich besonders leicht gechinzter Baumwollstoff, das ist Baumwollstoff, der an der Oberfl\u00e4che etwas glatt und gl\u00e4nzend ist.<\/p>\n<p>Wichtig ist vor allem, dass man beim N\u00e4hen eine stabile Nadel und gutes Garn benutzt, mindestens Nadelst\u00e4rke 10.<\/p>\n<p><strong>Zubeh\u00f6r:<\/strong><\/p>\n<ul>\n<li>N\u00e4hgarn, dicke N\u00e4hmaschinennadeln (Jeans)<\/li>\n<li>Schnappverschluss<\/li>\n<li>Gurtband<\/li>\n<li>Klettband 1,5 cm breit<\/li>\n<li>Klettband 5 cm breit<\/li>\n<li>Schr\u00e4gband<\/li>\n<li>Sperrholzbrett oder Plastikteil in Bodengr\u00f6\u00dfe<\/li>\n<li>Zugverschluss f\u00fcr die Aussentaschen (Stopper)<\/li>\n<li>Kordel<\/li>\n<\/ul>\n<p><strong>Verarbeitung<br \/>\n<\/strong><br \/>\nAlle Schnittteile auf den Stoff auflegen und zuschneiden.<\/p>\n<p>Futterstoff:<br \/>\nVorderteil, 2 Seitenteile, R\u00fcckenteil, Innentaschen, Futter f\u00fcr Vordertasche, Tunnelzug 2x, Boden 2x, Innentaschen nach eigenem Bedarf zuschneiden.<\/p>\n<p>Oberstoff:<br \/>\nVorderteil, 2 Seitenteile, R\u00fcckenteil, Vordertasche, Trageteil, Boden, r\u00fcckw\u00e4rtige Taschen 2x, Boden f\u00fcr kleine Taschen 2x<\/p>\n<p>Nahtzugabe 1 cm \u00fcberall. Die zus\u00e4tzliche Nahtzugabe f\u00fcr S\u00e4ume ist bereits im Schnitt enthalten. Die Rundungen im Trageteil, die mit Schr\u00e4gband eingefasst werden, ohne Nahtzugabe zuschneiden.<\/p>\n<p>Mit Overlocknaht n\u00e4hen oder mit Steppnaht (Stichl\u00e4nge 2) und Nahtzugaben vers\u00e4ubern.<\/p>\n<p><strong>Futter<\/strong><\/p>\n<ul>\n<li>S\u00e4ume der Innentaschen n\u00e4hen<\/li>\n<li>bei der gro\u00dfen Innentasche eine Falte an den Seiten einschlagen und aoben feststeppen<\/li>\n<li>Taschen nebeneinander ca. 5cm \u00fcber dem Boden feststeppen<\/li>\n<li>Vorder- und Seitenteile zusammenn\u00e4hen, Nahtzugabe umb\u00fcgeln und absteppen<\/li>\n<li>Seitenteile und R\u00fcckenteil zusammenn\u00e4hen, Nahtzugabe umb\u00fcgeln und absteppen- bei einem Bodenst\u00fcck die L\u00e4ngsseite s\u00e4umen<\/li>\n<li>beide Bodenst\u00fccke aufeinanderlegen, feststecken<\/li>\n<li>die Bodenplatte ann\u00e4hen, dabei die Naht am R\u00fcckenteil ca 30cm offen lassen (zum Wenden der fertigen Tasche)<\/li>\n<\/ul>\n<p><strong>Oberstoff<\/strong><\/p>\n<ul>\n<li>Vordertasche und Futterstoff rechts auf rechts aufeinanderlegen<\/li>\n<li>wenden, absteppen, Verschluss zwischenfassen<\/li>\n<li>zusammenn\u00e4hen und vers\u00e4ubern<\/li>\n<li>auf das Vorderteil aufstecken<\/li>\n<li>Seitenteile an das Vorderteil ann\u00e4hen, Nahtzuagbe umb\u00fcgeln und absteppen, dabei wird die Vordertasche mitgefasst<\/li>\n<\/ul>\n<p><strong>R\u00fcckentaschen n\u00e4hen:<\/strong><\/p>\n<ul>\n<li>Taschenteile zusammennn\u00e4hen, Boden einn\u00e4hen<\/li>\n<li>Tunnelzug an den Schmalseiten s\u00e4umen<\/li>\n<li>Tunnelzug rechts auf rechts aufstecken. Dabei sind die S\u00e4ume in der mitte aussen, weil dort die \u00d6ffnung f\u00fcr die Kordel ist.<\/li>\n<li>Tunnelzug ann\u00e4hen, wenden und im Nahschatten von innen aufsteppen<\/li>\n<li>Kordel mit Stopper einziehen und Kordel schlie\u00dfen<\/li>\n<\/ul>\n<p><strong>Trageteil n\u00e4hen<\/strong><\/p>\n<ul>\n<li>Trageteil in den Bereichen ohne Nahtzugabe vers\u00e4ubern<\/li>\n<li>mit Schr\u00e4gband einfassen, dabei das Gurtband in der Mitte und f\u00fcr die Bodenbestigung mitfassen<\/li>\n<li>die Gurtb\u00e4nder nochmal extra absteppen<\/li>\n<li>r\u00fcckw\u00e4rtige Taschen aufstecken und festn\u00e4hen. Dabei die taschen so ausrichte, dass sie gerade aufliegen<\/li>\n<\/ul>\n<p><strong>Fertigstellung<\/strong><\/p>\n<ul>\n<li>Trageteil auf das R\u00fcckenteil rechts auf rechts auflegen (an der Markierung) und n\u00e4hen<\/li>\n<li>umschlagen und absteppen<\/li>\n<li>Trageteil auf R\u00fcckenteil stecken<\/li>\n<\/ul>\n<p><strong>Boden und Zusammenf\u00fcgen der Tasche<\/strong><\/p>\n<ul>\n<li>Klettverschl\u00fcsse auf Boden steppen<\/li>\n<li>Boden ann\u00e4hen und vers\u00e4ubern<\/li>\n<li>Oberstoff und Futterstoff rechts auf rechts zusammenstecken und an der oberen kante entlang n\u00e4hen und vers\u00e4ubern<\/li>\n<li>die Tasche durch das Loch im Boden des Futterstoffes wenden<\/li>\n<li>die Tasche b\u00fcgeln und die Oberkante absteppen<\/li>\n<li>das Bodenloch schlie\u00dfen- das Bodenbrett einschieben<\/li>\n<\/ul>\n<p><strong>Fertig!<\/strong><\/p>\n","protected":false},"excerpt":{"rendered":"<p>Schneider Deine ganz\u00a0individuelle\u00a0Brompton Tasche mit diesem Set! Zus\u00e4tzlich brauchst Du nur noch N\u00e4hmaschine, Garn und Deinen Lieblingsstoff. Diese Tasche ist funktional und doch\u00a0ohne Spezialkenntnisse zu n\u00e4hen. &nbsp; Das Kitendo Bag Set\u00a0enth\u00e4lt: &#8211; DIN A0 Schnittmuster in Originalgr\u00f6\u00dfe &#8211; N\u00e4hanleitung N\u00e4hanleitung Fester Au\u00dfenstoff\u00a0 (1,10 m x 1,40 m breit): Fester Baumwollcanvas, Jeans oder fester Leinenstoff oder [&hellip;]<\/p>\n","protected":false},"featured_media":1309,"comment_status":"open","ping_status":"closed","template":"","meta":[],"product_brand":[],"product_cat":[36,27,30,35],"product_tag":[24,31,34,28,29,32,26],"class_list":{"0":"post-1308","1":"product","2":"type-product","3":"status-publish","4":"has-post-thumbnail","6":"product_cat-accessories","7":"product_cat-ebikes","8":"product_cat-faltraeder","9":"product_cat-renn-gravel-raeder","10":"product_tag-black-iron-horse","11":"product_tag-brompton","12":"product_tag-hoheacht","13":"product_tag-kayza","14":"product_tag-pfautec","15":"product_tag-stevens","16":"product_tag-victoria","18":"first","19":"instock","20":"purchasable","21":"product-type-simple"},"jetpack_sharing_enabled":true,"_links":{"self":[{"href":"https:\/\/www.kitendo.de\/index.php\/wp-json\/wp\/v2\/product\/1308","targetHints":{"allow":["GET"]}}],"collection":[{"href":"https:\/\/www.kitendo.de\/index.php\/wp-json\/wp\/v2\/product"}],"about":[{"href":"https:\/\/www.kitendo.de\/index.php\/wp-json\/wp\/v2\/types\/product"}],"replies":[{"embeddable":true,"href":"https:\/\/www.kitendo.de\/index.php\/wp-json\/wp\/v2\/comments?post=1308"}],"version-history":[{"count":2,"href":"https:\/\/www.kitendo.de\/index.php\/wp-json\/wp\/v2\/product\/1308\/revisions"}],"predecessor-version":[{"id":1478,"href":"https:\/\/www.kitendo.de\/index.php\/wp-json\/wp\/v2\/product\/1308\/revisions\/1478"}],"wp:featuredmedia":[{"embeddable":true,"href":"https:\/\/www.kitendo.de\/index.php\/wp-json\/wp\/v2\/media\/1309"}],"wp:attachment":[{"href":"https:\/\/www.kitendo.de\/index.php\/wp-json\/wp\/v2\/media?parent=1308"}],"wp:term":[{"taxonomy":"product_brand","embeddable":true,"href":"https:\/\/www.kitendo.de\/index.php\/wp-json\/wp\/v2\/product_brand?post=1308"},{"taxonomy":"product_cat","embeddable":true,"href":"https:\/\/www.kitendo.de\/index.php\/wp-json\/wp\/v2\/product_cat?post=1308"},{"taxonomy":"product_tag","embeddable":true,"href":"https:\/\/www.kitendo.de\/index.php\/wp-json\/wp\/v2\/product_tag?post=1308"}],"curies":[{"name":"wp","href":"https:\/\/api.w.org\/{rel}","templated":true}]}}