{"id":1279,"date":"2024-07-30T22:14:45","date_gmt":"2024-07-30T20:14:45","guid":{"rendered":"https:\/\/www.kitendo.de\/?post_type=product&#038;p=1279"},"modified":"2025-07-25T17:33:58","modified_gmt":"2025-07-25T15:33:58","slug":"brompton-bike-cover-ueberwurfhuelle","status":"publish","type":"product","link":"https:\/\/www.kitendo.de\/index.php\/product\/brompton-bike-cover-ueberwurfhuelle\/","title":{"rendered":"Brompton Bike Cover \u2013 \u00dcberwurfh\u00fclle"},"content":{"rendered":"<h2>Beschreibung<\/h2>\n<p>Ein n\u00fctzlicher Begleiter rund um das Brompton Faltrad\/Klapprad, ist diese \u00dcberwurfh\u00fclle. Innerhalb weniger Sekunden verwandeln Sie Ihr Brompton so in ein Gep\u00e4ckst\u00fcck. Besonders zu empfehlen in Verbindung mit \u00f6ffentlichen Verkehrsmitteln.<\/p>\n","protected":false},"excerpt":{"rendered":"<p>Beschreibung Ein n\u00fctzlicher Begleiter rund um das Brompton Faltrad\/Klapprad, ist diese \u00dcberwurfh\u00fclle. Innerhalb weniger Sekunden verwandeln Sie Ihr Brompton so in ein Gep\u00e4ckst\u00fcck. Besonders zu empfehlen in Verbindung mit \u00f6ffentlichen Verkehrsmitteln.<\/p>\n","protected":false},"featured_media":1280,"comment_status":"open","ping_status":"closed","template":"","meta":[],"product_brand":[],"product_cat":[36,30],"product_tag":[31],"class_list":{"0":"post-1279","1":"product","2":"type-product","3":"status-publish","4":"has-post-thumbnail","6":"product_cat-accessories","7":"product_cat-faltraeder","8":"product_tag-brompton","10":"first","11":"instock","12":"purchasable","13":"product-type-simple"},"jetpack_sharing_enabled":true,"_links":{"self":[{"href":"https:\/\/www.kitendo.de\/index.php\/wp-json\/wp\/v2\/product\/1279","targetHints":{"allow":["GET"]}}],"collection":[{"href":"https:\/\/www.kitendo.de\/index.php\/wp-json\/wp\/v2\/product"}],"about":[{"href":"https:\/\/www.kitendo.de\/index.php\/wp-json\/wp\/v2\/types\/product"}],"replies":[{"embeddable":true,"href":"https:\/\/www.kitendo.de\/index.php\/wp-json\/wp\/v2\/comments?post=1279"}],"version-history":[{"count":1,"href":"https:\/\/www.kitendo.de\/index.php\/wp-json\/wp\/v2\/product\/1279\/revisions"}],"predecessor-version":[{"id":1281,"href":"https:\/\/www.kitendo.de\/index.php\/wp-json\/wp\/v2\/product\/1279\/revisions\/1281"}],"wp:featuredmedia":[{"embeddable":true,"href":"https:\/\/www.kitendo.de\/index.php\/wp-json\/wp\/v2\/media\/1280"}],"wp:attachment":[{"href":"https:\/\/www.kitendo.de\/index.php\/wp-json\/wp\/v2\/media?parent=1279"}],"wp:term":[{"taxonomy":"product_brand","embeddable":true,"href":"https:\/\/www.kitendo.de\/index.php\/wp-json\/wp\/v2\/product_brand?post=1279"},{"taxonomy":"product_cat","embeddable":true,"href":"https:\/\/www.kitendo.de\/index.php\/wp-json\/wp\/v2\/product_cat?post=1279"},{"taxonomy":"product_tag","embeddable":true,"href":"https:\/\/www.kitendo.de\/index.php\/wp-json\/wp\/v2\/product_tag?post=1279"}],"curies":[{"name":"wp","href":"https:\/\/api.w.org\/{rel}","templated":true}]}}