{"id":1249,"date":"2024-07-30T22:05:31","date_gmt":"2024-07-30T20:05:31","guid":{"rendered":"https:\/\/www.kitendo.de\/?post_type=product&#038;p=1249"},"modified":"2026-01-23T13:51:06","modified_gmt":"2026-01-23T12:51:06","slug":"borough-basket-dark-grey","status":"publish","type":"product","link":"https:\/\/www.kitendo.de\/index.php\/product\/borough-basket-dark-grey\/","title":{"rendered":"Borough Basket Dark Grey"},"content":{"rendered":"<p>Die Borough Basket Bag ist eine Erg\u00e4nzung\u00a0zur\u00a0Brompton Einkaufstasche \/ Folding Basket. Der praktische Korb eignet sich hervorragend, um die eigene (Hand-)tasche oder den Einkauf unterzubringen. Das Reflexpatch vorn sorgt f\u00fcr zus\u00e4tzliche Sichtbarkeit.<\/p>\n<ul>\n<li>Ma\u00dfe: 40 (W) x 30 (H) x 20(D) cm<\/li>\n<li>Au\u00dfenmaterial: 1000D Cordura Broken Twill\u00a0mit PU coating<\/li>\n<li>Innenmaterial: Nylon<\/li>\n<li>Fassungsverm\u00f6gen: 23 Liter<\/li>\n<li>Kompatibel\u00a0mit\u00a0ALLEN\u00a0Brompton\u00a0Lenkern<\/li>\n<li>Integrierter Schultergurt<\/li>\n<li>Seitliche Spanngurte erlauben Gr\u00f6\u00dfenregulierung und Ladungssicherung<\/li>\n<li>Handschuhfreundliche Bedienung<\/li>\n<\/ul>\n<p>Bitte beachten:\u00a0Diese Brompton Tasche l\u00e4sst sich nur an Ihrem Brompton befestigen, wenn zuvor der Brompton Tr\u00e4gerblock montiert wurde. Sollte dieser noch fehlen, k\u00f6nnen Sie ihn hier im Shop dazu bestellen. Die Montage des Tr\u00e4gerblocks ist sehr einfach.<\/p>\n","protected":false},"excerpt":{"rendered":"<p>Die Borough Basket Bag ist eine Erg\u00e4nzung\u00a0zur\u00a0Brompton Einkaufstasche \/ Folding Basket. Der praktische Korb eignet sich hervorragend, um die eigene (Hand-)tasche oder den Einkauf unterzubringen. Das Reflexpatch vorn sorgt f\u00fcr zus\u00e4tzliche Sichtbarkeit. Ma\u00dfe: 40 (W) x 30 (H) x 20(D) cm Au\u00dfenmaterial: 1000D Cordura Broken Twill\u00a0mit PU coating Innenmaterial: Nylon Fassungsverm\u00f6gen: 23 Liter Kompatibel\u00a0mit\u00a0ALLEN\u00a0Brompton\u00a0Lenkern Integrierter [&hellip;]<\/p>\n","protected":false},"featured_media":1250,"comment_status":"open","ping_status":"closed","template":"","meta":[],"product_brand":[],"product_cat":[36,30],"product_tag":[31],"class_list":{"0":"post-1249","1":"product","2":"type-product","3":"status-publish","4":"has-post-thumbnail","6":"product_cat-accessories","7":"product_cat-faltraeder","8":"product_tag-brompton","10":"first","11":"instock","12":"purchasable","13":"product-type-simple"},"jetpack_sharing_enabled":true,"_links":{"self":[{"href":"https:\/\/www.kitendo.de\/index.php\/wp-json\/wp\/v2\/product\/1249","targetHints":{"allow":["GET"]}}],"collection":[{"href":"https:\/\/www.kitendo.de\/index.php\/wp-json\/wp\/v2\/product"}],"about":[{"href":"https:\/\/www.kitendo.de\/index.php\/wp-json\/wp\/v2\/types\/product"}],"replies":[{"embeddable":true,"href":"https:\/\/www.kitendo.de\/index.php\/wp-json\/wp\/v2\/comments?post=1249"}],"version-history":[{"count":1,"href":"https:\/\/www.kitendo.de\/index.php\/wp-json\/wp\/v2\/product\/1249\/revisions"}],"predecessor-version":[{"id":1257,"href":"https:\/\/www.kitendo.de\/index.php\/wp-json\/wp\/v2\/product\/1249\/revisions\/1257"}],"wp:featuredmedia":[{"embeddable":true,"href":"https:\/\/www.kitendo.de\/index.php\/wp-json\/wp\/v2\/media\/1250"}],"wp:attachment":[{"href":"https:\/\/www.kitendo.de\/index.php\/wp-json\/wp\/v2\/media?parent=1249"}],"wp:term":[{"taxonomy":"product_brand","embeddable":true,"href":"https:\/\/www.kitendo.de\/index.php\/wp-json\/wp\/v2\/product_brand?post=1249"},{"taxonomy":"product_cat","embeddable":true,"href":"https:\/\/www.kitendo.de\/index.php\/wp-json\/wp\/v2\/product_cat?post=1249"},{"taxonomy":"product_tag","embeddable":true,"href":"https:\/\/www.kitendo.de\/index.php\/wp-json\/wp\/v2\/product_tag?post=1249"}],"curies":[{"name":"wp","href":"https:\/\/api.w.org\/{rel}","templated":true}]}}